{"id":1488,"date":"2024-12-12T10:28:21","date_gmt":"2024-12-12T02:28:21","guid":{"rendered":"https:\/?post_type=product&#038;p=1488"},"modified":"2025-09-02T09:43:18","modified_gmt":"2025-09-02T01:43:18","slug":"ab328","status":"publish","type":"product","link":"https:\/\/www.apuvan.ru\/de\/products\/ab328\/","title":{"rendered":"AB328 Gro\u00dfer beheizter Handtuchhalter zum Trocknen | Mit geb\u00fcrstetem Gold&amp;Grau | Kohlefaserheizung | Zum Trocknen von Badet\u00fcchern und Badem\u00e4nteln"},"content":{"rendered":"","protected":false},"excerpt":{"rendered":"<p>Dieser leistungsstarke, beheizte Handtuchhalter verf\u00fcgt \u00fcber eine gro\u00dfe, mehr als 600 mm breite Trockenfl\u00e4che, auf der gro\u00dfe Handt\u00fccher und flauschige Badem\u00e4ntel Platz finden. Er besteht aus 304er Edelstahl, der mit einer PVD-Beschichtungstechnologie veredelt wurde, und bietet eine hervorragende Korrosionsbest\u00e4ndigkeit und Langlebigkeit ohne Fingerabdr\u00fccke. Die integrierte Touchscreen-Bedienung erm\u00f6glicht eine pr\u00e4zise Temperatureinstellung (40-65 \u00b0C) und programmierbare Timer-Einstellungen (1-8 Stunden), w\u00e4hrend energieeffiziente Heizelemente eine schnelle Trocknungsleistung gew\u00e4hrleisten. Dieser Premium-W\u00e4schest\u00e4nder ist nach IPX4 wasserdicht und verf\u00fcgt \u00fcber einen \u00dcberhitzungsschutz. Er kombiniert eine industrietaugliche Konstruktion mit intuitiven, intelligenten Bedienelementen f\u00fcr luxuri\u00f6se B\u00e4der.<\/p>\n<p>Gr\u00f6\u00dfe\uff1aH930*W630*D120<br \/>\nLeistung\uff1a100W<\/p>","protected":false},"featured_media":1493,"comment_status":"open","ping_status":"closed","template":"","meta":[],"product_brand":[209],"product_cat":[27,72,69],"product_tag":[688,713,716,692,696,697,700],"class_list":{"0":"post-1488","1":"product","2":"type-product","3":"status-publish","4":"has-post-thumbnail","6":"product_brand-apuvan","7":"product_cat-all","8":"product_cat-glory-collection","9":"product_cat-heated-towel-rail","10":"product_tag-commercial-towel-heater","11":"product_tag-heated-clothes-rack","12":"product_tag-heated-towel-ladder","13":"product_tag-hotel-heating-towel-rail","14":"product_tag-ipx4-heated-towel-rail","15":"product_tag-narrow-heated-towel-rack","16":"product_tag-plug-in-electric-towel-rack","18":"first","19":"outofstock","20":"shipping-taxable","21":"purchasable","22":"product-type-variable"},"_links":{"self":[{"href":"https:\/\/www.apuvan.ru\/de\/wp-json\/wp\/v2\/product\/1488","targetHints":{"allow":["GET"]}}],"collection":[{"href":"https:\/\/www.apuvan.ru\/de\/wp-json\/wp\/v2\/product"}],"about":[{"href":"https:\/\/www.apuvan.ru\/de\/wp-json\/wp\/v2\/types\/product"}],"replies":[{"embeddable":true,"href":"https:\/\/www.apuvan.ru\/de\/wp-json\/wp\/v2\/comments?post=1488"}],"version-history":[{"count":1,"href":"https:\/\/www.apuvan.ru\/de\/wp-json\/wp\/v2\/product\/1488\/revisions"}],"predecessor-version":[{"id":3896,"href":"https:\/\/www.apuvan.ru\/de\/wp-json\/wp\/v2\/product\/1488\/revisions\/3896"}],"wp:featuredmedia":[{"embeddable":true,"href":"https:\/\/www.apuvan.ru\/de\/wp-json\/wp\/v2\/media\/1493"}],"wp:attachment":[{"href":"https:\/\/www.apuvan.ru\/de\/wp-json\/wp\/v2\/media?parent=1488"}],"wp:term":[{"taxonomy":"product_brand","embeddable":true,"href":"https:\/\/www.apuvan.ru\/de\/wp-json\/wp\/v2\/product_brand?post=1488"},{"taxonomy":"product_cat","embeddable":true,"href":"https:\/\/www.apuvan.ru\/de\/wp-json\/wp\/v2\/product_cat?post=1488"},{"taxonomy":"product_tag","embeddable":true,"href":"https:\/\/www.apuvan.ru\/de\/wp-json\/wp\/v2\/product_tag?post=1488"}],"curies":[{"name":"wp","href":"https:\/\/api.w.org\/{rel}","templated":true}]}}