{"id":2221,"date":"2024-12-16T17:50:51","date_gmt":"2024-12-16T09:50:51","guid":{"rendered":"https:\/?post_type=product&#038;p=2221"},"modified":"2025-11-13T15:23:30","modified_gmt":"2025-11-13T07:23:30","slug":"ab326","status":"publish","type":"product","link":"https:\/\/www.apuvan.ru\/de\/products\/ab326\/","title":{"rendered":"AB326 Luxuri\u00f6ser roter beheizter Handtuchhalter mit Carbon Fiber Tech | 304 Edelstahl Handwerkskunst f\u00fcr Hotel &amp; Villa B\u00e4der"},"content":{"rendered":"","protected":false},"excerpt":{"rendered":"<p>Dieser einzigartige beheizte Handtuchhalter zeichnet sich durch eine ikonische Mischung aus chinesischem Rot und geb\u00fcrstetem Rotgussgrau aus. Er wird aus Edelstahl 304 durch pr\u00e4zises Biegen und gebogene Handwerkskunst hergestellt - ein hochkomplexes Herstellungsverfahren, das fortschrittliche technologische Raffinesse verk\u00f6rpert und zu einem Favoriten unter Designern geworden ist. Als Inbegriff von Luxus bei beheizten Handtuchhaltern ist er ideal f\u00fcr gro\u00dfe Villen und Hotelb\u00e4der. Ausgestattet mit Kohlefaser-Heiztechnologie erm\u00f6glicht er eine intelligente Temperatur- und Zeitsteuerung f\u00fcr die nahtlose Integration in moderne intelligente Wohnsysteme.<\/p>\n<p>Gr\u00f6\u00dfe\uff1aH1500*B500<br \/>\nLeistung\uff1a150W<\/p>","protected":false},"featured_media":2222,"comment_status":"open","ping_status":"closed","template":"","meta":[],"product_brand":[209],"product_cat":[27,73,69],"product_tag":[693,689,157,210,175],"class_list":{"0":"post-2221","1":"product","2":"type-product","3":"status-publish","4":"has-post-thumbnail","6":"product_brand-apuvan","7":"product_cat-all","8":"product_cat-flame-collection","9":"product_cat-heated-towel-rail","10":"product_tag-best-heated-towel-rail","11":"product_tag-designer-bathroom-rail","12":"product_tag-high-end","13":"product_tag-luxury-heated-towel-rail","14":"product_tag-new-products","16":"first","17":"outofstock","18":"sale","19":"shipping-taxable","20":"purchasable","21":"product-type-variable"},"_links":{"self":[{"href":"https:\/\/www.apuvan.ru\/de\/wp-json\/wp\/v2\/product\/2221","targetHints":{"allow":["GET"]}}],"collection":[{"href":"https:\/\/www.apuvan.ru\/de\/wp-json\/wp\/v2\/product"}],"about":[{"href":"https:\/\/www.apuvan.ru\/de\/wp-json\/wp\/v2\/types\/product"}],"replies":[{"embeddable":true,"href":"https:\/\/www.apuvan.ru\/de\/wp-json\/wp\/v2\/comments?post=2221"}],"version-history":[{"count":1,"href":"https:\/\/www.apuvan.ru\/de\/wp-json\/wp\/v2\/product\/2221\/revisions"}],"predecessor-version":[{"id":3928,"href":"https:\/\/www.apuvan.ru\/de\/wp-json\/wp\/v2\/product\/2221\/revisions\/3928"}],"wp:featuredmedia":[{"embeddable":true,"href":"https:\/\/www.apuvan.ru\/de\/wp-json\/wp\/v2\/media\/2222"}],"wp:attachment":[{"href":"https:\/\/www.apuvan.ru\/de\/wp-json\/wp\/v2\/media?parent=2221"}],"wp:term":[{"taxonomy":"product_brand","embeddable":true,"href":"https:\/\/www.apuvan.ru\/de\/wp-json\/wp\/v2\/product_brand?post=2221"},{"taxonomy":"product_cat","embeddable":true,"href":"https:\/\/www.apuvan.ru\/de\/wp-json\/wp\/v2\/product_cat?post=2221"},{"taxonomy":"product_tag","embeddable":true,"href":"https:\/\/www.apuvan.ru\/de\/wp-json\/wp\/v2\/product_tag?post=2221"}],"curies":[{"name":"wp","href":"https:\/\/api.w.org\/{rel}","templated":true}]}}