{"id":3734,"date":"2025-07-30T15:47:13","date_gmt":"2025-07-30T07:47:13","guid":{"rendered":"https:\/\/apuvan.towelrackcn.com\/?post_type=product&#038;p=3734"},"modified":"2025-09-02T10:06:09","modified_gmt":"2025-09-02T02:06:09","slug":"ab328s","status":"publish","type":"product","link":"https:\/\/www.apuvan.ru\/de\/products\/ab328s-2\/","title":{"rendered":"AB328S Kleiner&amp;schmaler elektrischer Handtuchhalter f\u00fcr das moderne Badezimmer | Plug In Handtuchw\u00e4rmer"},"content":{"rendered":"","protected":false},"excerpt":{"rendered":"<p>Gr\u00f6\u00dfe\uff1aH630*B460*T108<br \/>\nLeistung\uff1a65W<\/p>","protected":false},"featured_media":3719,"comment_status":"open","ping_status":"closed","template":"","meta":[],"product_brand":[209],"product_cat":[27,72,69],"product_tag":[719,688,716,717,692,696,697,700,707],"class_list":{"0":"post-3734","1":"product","2":"type-product","3":"status-publish","4":"has-post-thumbnail","6":"product_brand-apuvan","7":"product_cat-all","8":"product_cat-glory-collection","9":"product_cat-heated-towel-rail","10":"product_tag-brushed-copper-towel-rail","11":"product_tag-commercial-towel-heater","12":"product_tag-heated-towel-ladder","13":"product_tag-heated-towel-rack-for-ikea-bathrooms","14":"product_tag-hotel-heating-towel-rail","15":"product_tag-ipx4-heated-towel-rail","16":"product_tag-narrow-heated-towel-rack","17":"product_tag-plug-in-electric-towel-rack","18":"product_tag-wall-mounted-heated-towel-rail","20":"first","21":"instock","22":"shipping-taxable","23":"purchasable","24":"product-type-variable"},"_links":{"self":[{"href":"https:\/\/www.apuvan.ru\/de\/wp-json\/wp\/v2\/product\/3734","targetHints":{"allow":["GET"]}}],"collection":[{"href":"https:\/\/www.apuvan.ru\/de\/wp-json\/wp\/v2\/product"}],"about":[{"href":"https:\/\/www.apuvan.ru\/de\/wp-json\/wp\/v2\/types\/product"}],"replies":[{"embeddable":true,"href":"https:\/\/www.apuvan.ru\/de\/wp-json\/wp\/v2\/comments?post=3734"}],"version-history":[{"count":1,"href":"https:\/\/www.apuvan.ru\/de\/wp-json\/wp\/v2\/product\/3734\/revisions"}],"predecessor-version":[{"id":3894,"href":"https:\/\/www.apuvan.ru\/de\/wp-json\/wp\/v2\/product\/3734\/revisions\/3894"}],"wp:featuredmedia":[{"embeddable":true,"href":"https:\/\/www.apuvan.ru\/de\/wp-json\/wp\/v2\/media\/3719"}],"wp:attachment":[{"href":"https:\/\/www.apuvan.ru\/de\/wp-json\/wp\/v2\/media?parent=3734"}],"wp:term":[{"taxonomy":"product_brand","embeddable":true,"href":"https:\/\/www.apuvan.ru\/de\/wp-json\/wp\/v2\/product_brand?post=3734"},{"taxonomy":"product_cat","embeddable":true,"href":"https:\/\/www.apuvan.ru\/de\/wp-json\/wp\/v2\/product_cat?post=3734"},{"taxonomy":"product_tag","embeddable":true,"href":"https:\/\/www.apuvan.ru\/de\/wp-json\/wp\/v2\/product_tag?post=3734"}],"curies":[{"name":"wp","href":"https:\/\/api.w.org\/{rel}","templated":true}]}}