{"id":2221,"date":"2024-12-16T17:50:51","date_gmt":"2024-12-16T09:50:51","guid":{"rendered":"https:\/?post_type=product&#038;p=2221"},"modified":"2025-11-13T15:23:30","modified_gmt":"2025-11-13T07:23:30","slug":"ab326","status":"publish","type":"product","link":"https:\/\/www.apuvan.ru\/es\/products\/ab326\/","title":{"rendered":"AB326 Toallero Calefactor de Lujo Rojo con Tecnolog\u00eda de Fibra de Carbono | Acero Inoxidable 304 Artesanal para Ba\u00f1os de Hoteles y Villas"},"content":{"rendered":"","protected":false},"excerpt":{"rendered":"<p>Este exclusivo toallero calefactor presenta una ic\u00f3nica mezcla de rojo chino y gris plomo cepillado, fabricado con acero inoxidable 304 mediante un proceso de plegado de precisi\u00f3n y artesan\u00eda curvada, un proceso de fabricaci\u00f3n muy complejo que encarna la sofisticaci\u00f3n tecnol\u00f3gica avanzada y se ha convertido en uno de los favoritos de los dise\u00f1adores. Como ep\u00edtome del lujo en toalleros calefactados, es ideal para grandes villas y cuartos de ba\u00f1o de hoteles. Equipado con tecnolog\u00eda de calefacci\u00f3n de fibra de carbono, permite un control inteligente de la temperatura y el tiempo para una integraci\u00f3n perfecta en los modernos sistemas de vida inteligentes.<\/p>\n<p>Tama\u00f1o\uff1aH1500*W500<br \/>\nPotencia\uff1a150W<\/p>","protected":false},"featured_media":2222,"comment_status":"open","ping_status":"closed","template":"","meta":[],"product_brand":[209],"product_cat":[27,73,69],"product_tag":[693,689,157,210,175],"class_list":{"0":"post-2221","1":"product","2":"type-product","3":"status-publish","4":"has-post-thumbnail","6":"product_brand-apuvan","7":"product_cat-all","8":"product_cat-flame-collection","9":"product_cat-heated-towel-rail","10":"product_tag-best-heated-towel-rail","11":"product_tag-designer-bathroom-rail","12":"product_tag-high-end","13":"product_tag-luxury-heated-towel-rail","14":"product_tag-new-products","16":"first","17":"outofstock","18":"sale","19":"shipping-taxable","20":"purchasable","21":"product-type-variable"},"_links":{"self":[{"href":"https:\/\/www.apuvan.ru\/es\/wp-json\/wp\/v2\/product\/2221","targetHints":{"allow":["GET"]}}],"collection":[{"href":"https:\/\/www.apuvan.ru\/es\/wp-json\/wp\/v2\/product"}],"about":[{"href":"https:\/\/www.apuvan.ru\/es\/wp-json\/wp\/v2\/types\/product"}],"replies":[{"embeddable":true,"href":"https:\/\/www.apuvan.ru\/es\/wp-json\/wp\/v2\/comments?post=2221"}],"version-history":[{"count":1,"href":"https:\/\/www.apuvan.ru\/es\/wp-json\/wp\/v2\/product\/2221\/revisions"}],"predecessor-version":[{"id":3928,"href":"https:\/\/www.apuvan.ru\/es\/wp-json\/wp\/v2\/product\/2221\/revisions\/3928"}],"wp:featuredmedia":[{"embeddable":true,"href":"https:\/\/www.apuvan.ru\/es\/wp-json\/wp\/v2\/media\/2222"}],"wp:attachment":[{"href":"https:\/\/www.apuvan.ru\/es\/wp-json\/wp\/v2\/media?parent=2221"}],"wp:term":[{"taxonomy":"product_brand","embeddable":true,"href":"https:\/\/www.apuvan.ru\/es\/wp-json\/wp\/v2\/product_brand?post=2221"},{"taxonomy":"product_cat","embeddable":true,"href":"https:\/\/www.apuvan.ru\/es\/wp-json\/wp\/v2\/product_cat?post=2221"},{"taxonomy":"product_tag","embeddable":true,"href":"https:\/\/www.apuvan.ru\/es\/wp-json\/wp\/v2\/product_tag?post=2221"}],"curies":[{"name":"wp","href":"https:\/\/api.w.org\/{rel}","templated":true}]}}