{"id":31,"date":"2023-04-20T11:47:35","date_gmt":"2023-04-20T11:47:35","guid":{"rendered":"https:\/\/dummy.xtemos.com\/woodmart2\/furniture2-elementor\/?page_id=31"},"modified":"2025-04-22T11:40:05","modified_gmt":"2025-04-22T03:40:05","slug":"about-us","status":"publish","type":"page","link":"https:\/\/www.apuvan.ru\/fr\/a-propos-de-nous\/","title":{"rendered":"\u00c0 propos de nous"},"content":{"rendered":"<div data-elementor-type=\"wp-page\" data-elementor-id=\"31\" class=\"elementor elementor-31\">\n\t\t\t\t<div class=\"wd-negative-gap elementor-element elementor-element-331e15e e-grid e-con-boxed e-con e-parent\" data-id=\"331e15e\" data-element_type=\"container\" data-e-type=\"container\">\n\t\t\t\t\t<div class=\"e-con-inner\">\n\t\t\t\t<div class=\"elementor-element elementor-element-65d9623 wd-width-100 elementor-widget elementor-widget-wd_title\" data-id=\"65d9623\" data-element_type=\"widget\" data-e-type=\"widget\" data-widget_type=\"wd_title.default\">\n\t\t\t\t<div class=\"elementor-widget-container\">\n\t\t\t\t\t\t\t<div class=\"title-wrapper wd-set-mb reset-last-child wd-title-color-default wd-title-style-default wd-title-size-default text-left\">\n\n\t\t\t\n\t\t\t<div class=\"liner-continer\">\n\t\t\t\t<h4 class=\"woodmart-title-container title wd-fontsize-l\">\u00c0 propos d'APUVAN<\/h4> \n\t\t\t\t\t\t\t<\/div>\n\n\t\t\t\t\t\t\t<div class=\"title-after_title reset-last-child wd-fontsize-xs\">\n\t\t\t\t\t<p>Apuvan est un fabricant professionnel de produits sanitaires qui int\u00e8gre le d\u00e9veloppement, la production, la vente et le service. Nous travaillons avec une seule mission : \"r\u00e9chauffer la vie avec la science et la technologie\". Nous persistons toujours \u00e0 vivre selon les id\u00e9es de qualit\u00e9, de sant\u00e9, d'intelligence, l'esprit d'honn\u00eatet\u00e9, d'efficacit\u00e9 et d'innovation. Nous nous engageons \u00e0 construire la premi\u00e8re marque de l'industrie et \u00e0 apporter soin et chaleur \u00e0 tous nos clients.<br \/>L'innovation et la conception des produits d'Apuvan tiennent compte du climat de diff\u00e9rentes r\u00e9gions et de diff\u00e9rents sc\u00e9narios. Gr\u00e2ce \u00e0 sa technologie de pointe et \u00e0 sa capacit\u00e9 de production, Apuvan fournit en permanence des s\u00e8che-serviettes \u00e9lectriques confortables, sains, s\u00fbrs et esth\u00e9tiques aux consommateurs.<br \/>Depuis la cr\u00e9ation d'Apuvan et le lancement de notre radiateur s\u00e8che-serviettes \u00e9lectrique, notre marque et nos produits ont connu une croissance rapide et sont maintenant largement reconnus par les clients nationaux et \u00e9trangers, tout en obtenant des r\u00e9sultats remarquables.<br \/>Apuvan continuera \u00e0 promouvoir un d\u00e9veloppement de haute qualit\u00e9 gr\u00e2ce \u00e0 l'innovation, \u00e0 prendre la t\u00eate du d\u00e9veloppement de l'industrie, \u00e0 la promouvoir \u00e0 l'\u00e9chelle mondiale et \u00e0 am\u00e9liorer la qualit\u00e9 de vie de nos consommateurs dans le monde entier.<\/p>\t\t\t\t<\/div>\n\t\t\t\t\t<\/div>\n\t\t\t\t\t\t<\/div>\n\t\t\t\t<\/div>\n\t\t\t\t<div class=\"elementor-element elementor-element-4a486e5 elementor-widget elementor-widget-image\" data-id=\"4a486e5\" data-element_type=\"widget\" data-e-type=\"widget\" data-widget_type=\"image.default\">\n\t\t\t\t<div class=\"elementor-widget-container\">\n\t\t\t\t\t\t\t\t\t\t\t\t\t\t\t<img fetchpriority=\"high\" decoding=\"async\" width=\"1024\" height=\"906\" src=\"https:\/\/www.apuvan.ru\/wp-content\/uploads\/replace\/12cf50b6f16c50f1b5df56b7081e739d.jpeg\" class=\"attachment-large size-large wp-image-1913\" alt=\"\" \/>\t\t\t\t\t\t\t\t\t\t\t\t\t\t\t<\/div>\n\t\t\t\t<\/div>\n\t\t\t\t<div class=\"elementor-element elementor-element-3c569ea elementor-widget elementor-widget-image\" data-id=\"3c569ea\" data-element_type=\"widget\" data-e-type=\"widget\" data-widget_type=\"image.default\">\n\t\t\t\t<div class=\"elementor-widget-container\">\n\t\t\t\t\t\t\t\t\t\t\t\t\t\t\t<img decoding=\"async\" width=\"1024\" height=\"906\" src=\"https:\/\/www.apuvan.ru\/wp-content\/uploads\/2024\/12\/APUVAN-BANNER-5-1024x906.webp\" class=\"attachment-large size-large wp-image-1699\" alt=\"\" srcset=\"https:\/\/www.apuvan.ru\/wp-content\/uploads\/2024\/12\/APUVAN-BANNER-5-1024x906.webp 1024w, https:\/\/www.apuvan.ru\/wp-content\/uploads\/2024\/12\/APUVAN-BANNER-5-300x266.webp 300w, https:\/\/www.apuvan.ru\/wp-content\/uploads\/2024\/12\/APUVAN-BANNER-5-768x680.webp 768w, https:\/\/www.apuvan.ru\/wp-content\/uploads\/2024\/12\/APUVAN-BANNER-5-1200x1062.webp 1200w, https:\/\/www.apuvan.ru\/wp-content\/uploads\/2024\/12\/APUVAN-BANNER-5-150x133.webp 150w, https:\/\/www.apuvan.ru\/wp-content\/uploads\/2024\/12\/APUVAN-BANNER-5.webp 1366w\" sizes=\"(max-width: 1024px) 100vw, 1024px\" \/>\t\t\t\t\t\t\t\t\t\t\t\t\t\t\t<\/div>\n\t\t\t\t<\/div>\n\t\t\t\t<div class=\"elementor-element elementor-element-cb1d766 wd-width-100 elementor-widget elementor-widget-wd_title\" data-id=\"cb1d766\" data-element_type=\"widget\" data-e-type=\"widget\" data-widget_type=\"wd_title.default\">\n\t\t\t\t<div class=\"elementor-widget-container\">\n\t\t\t\t\t\t\t<div class=\"title-wrapper wd-set-mb reset-last-child wd-title-color-default wd-title-style-default wd-title-size-default text-left\">\n\n\t\t\t\n\t\t\t<div class=\"liner-continer\">\n\t\t\t\t<h4 class=\"woodmart-title-container title wd-fontsize-l\">PORTE-SERVIETTES CHAUFFANT APUVAN<\/h4> \n\t\t\t\t\t\t\t<\/div>\n\n\t\t\t\t\t\t\t<div class=\"title-after_title reset-last-child wd-fontsize-xs\">\n\t\t\t\t\t<p>Centre de fabrication :<br>Jiangmen, Guangdong, Chine<\/p><p>Centre de marketing : <br>Foshan, Guangdong, Chine<\/p><p>T\u00e9l\u00e9phone\/WhatsAPP :<br>+86 13534453515<\/p><p>Courriel :<br><a href=\"mailto:apuvan.china@gmail.com\">apuvan.china@gmail.com<\/a><\/p>\t\t\t\t<\/div>\n\t\t\t\t\t<\/div>\n\t\t\t\t\t\t<\/div>\n\t\t\t\t<\/div>\n\t\t\t\t\t<\/div>\n\t\t\t\t<\/div>\n\t\t\t\t<\/div>","protected":false},"excerpt":{"rendered":"<p>About APUVAN Apuvan is a professional manufacturer of sanitary-ware products that integrate development, production, sales and service. We work under<\/p>","protected":false},"author":1,"featured_media":2690,"parent":0,"menu_order":0,"comment_status":"closed","ping_status":"closed","template":"","meta":{"footnotes":""},"class_list":["post-31","page","type-page","status-publish","has-post-thumbnail","hentry"],"_links":{"self":[{"href":"https:\/\/www.apuvan.ru\/fr\/wp-json\/wp\/v2\/pages\/31","targetHints":{"allow":["GET"]}}],"collection":[{"href":"https:\/\/www.apuvan.ru\/fr\/wp-json\/wp\/v2\/pages"}],"about":[{"href":"https:\/\/www.apuvan.ru\/fr\/wp-json\/wp\/v2\/types\/page"}],"author":[{"embeddable":true,"href":"https:\/\/www.apuvan.ru\/fr\/wp-json\/wp\/v2\/users\/1"}],"replies":[{"embeddable":true,"href":"https:\/\/www.apuvan.ru\/fr\/wp-json\/wp\/v2\/comments?post=31"}],"version-history":[{"count":0,"href":"https:\/\/www.apuvan.ru\/fr\/wp-json\/wp\/v2\/pages\/31\/revisions"}],"wp:featuredmedia":[{"embeddable":true,"href":"https:\/\/www.apuvan.ru\/fr\/wp-json\/wp\/v2\/media\/2690"}],"wp:attachment":[{"href":"https:\/\/www.apuvan.ru\/fr\/wp-json\/wp\/v2\/media?parent=31"}],"curies":[{"name":"wp","href":"https:\/\/api.w.org\/{rel}","templated":true}]}}