{"id":1479,"date":"2024-12-12T10:17:12","date_gmt":"2024-12-12T02:17:12","guid":{"rendered":"https:\/?post_type=product&#038;p=1479"},"modified":"2025-09-02T10:06:14","modified_gmt":"2025-09-02T02:06:14","slug":"al601s","status":"publish","type":"product","link":"https:\/\/www.apuvan.ru\/fr\/products\/al601s\/","title":{"rendered":"AL601S Floor Standing Luxury Electric Towel Rack | With Niche Storage | Large Drying | Smart Control | For Hotel&amp;Villa Bathrooms"},"content":{"rendered":"","protected":false},"excerpt":{"rendered":"<p>Il s'agit d'un s\u00e8che-serviettes sur pied, dot\u00e9 d'une fonction de rangement en niche et d'une vaste surface de s\u00e9chage, qui convient parfaitement aux grandes salles de bains des h\u00f4tels, des villas et d'autres lieux similaires, en particulier lorsqu'il est associ\u00e9 \u00e0 une baignoire ou \u00e0 une cabine de douche. Fabriqu\u00e9 en acier inoxydable 304, il utilise la technologie de chauffage par fibre de carbone et est disponible en finitions or bross\u00e9 et gris gunmetal bross\u00e9, offrant une esth\u00e9tique \u00e9l\u00e9gante et luxueuse.<\/p>\n<p>Taille\uff1aH2120*L580*P200<br \/>\nPuissance\uff1a180W<\/p>","protected":false},"featured_media":2781,"comment_status":"open","ping_status":"closed","template":"","meta":[],"product_brand":[209],"product_cat":[27,72,69],"product_tag":[719,698,713,716,157,210,695,691],"class_list":{"0":"post-1479","1":"product","2":"type-product","3":"status-publish","4":"has-post-thumbnail","6":"product_brand-apuvan","7":"product_cat-all","8":"product_cat-glory-collection","9":"product_cat-heated-towel-rail","10":"product_tag-brushed-copper-towel-rail","11":"product_tag-floor-standing-heated-towel-rail","12":"product_tag-heated-clothes-rack","13":"product_tag-heated-towel-ladder","14":"product_tag-high-end","15":"product_tag-luxury-heated-towel-rail","16":"product_tag-smart-heated-towel-rack","17":"product_tag-villa-heated-towel-rail","19":"first","20":"instock","21":"shipping-taxable","22":"purchasable","23":"product-type-variable"},"_links":{"self":[{"href":"https:\/\/www.apuvan.ru\/fr\/wp-json\/wp\/v2\/product\/1479","targetHints":{"allow":["GET"]}}],"collection":[{"href":"https:\/\/www.apuvan.ru\/fr\/wp-json\/wp\/v2\/product"}],"about":[{"href":"https:\/\/www.apuvan.ru\/fr\/wp-json\/wp\/v2\/types\/product"}],"replies":[{"embeddable":true,"href":"https:\/\/www.apuvan.ru\/fr\/wp-json\/wp\/v2\/comments?post=1479"}],"version-history":[{"count":1,"href":"https:\/\/www.apuvan.ru\/fr\/wp-json\/wp\/v2\/product\/1479\/revisions"}],"predecessor-version":[{"id":3899,"href":"https:\/\/www.apuvan.ru\/fr\/wp-json\/wp\/v2\/product\/1479\/revisions\/3899"}],"wp:featuredmedia":[{"embeddable":true,"href":"https:\/\/www.apuvan.ru\/fr\/wp-json\/wp\/v2\/media\/2781"}],"wp:attachment":[{"href":"https:\/\/www.apuvan.ru\/fr\/wp-json\/wp\/v2\/media?parent=1479"}],"wp:term":[{"taxonomy":"product_brand","embeddable":true,"href":"https:\/\/www.apuvan.ru\/fr\/wp-json\/wp\/v2\/product_brand?post=1479"},{"taxonomy":"product_cat","embeddable":true,"href":"https:\/\/www.apuvan.ru\/fr\/wp-json\/wp\/v2\/product_cat?post=1479"},{"taxonomy":"product_tag","embeddable":true,"href":"https:\/\/www.apuvan.ru\/fr\/wp-json\/wp\/v2\/product_tag?post=1479"}],"curies":[{"name":"wp","href":"https:\/\/api.w.org\/{rel}","templated":true}]}}